{"id":74,"date":"2022-10-12T20:26:15","date_gmt":"2022-10-12T18:26:15","guid":{"rendered":"https:\/\/dev.geninsa.org\/?page_id=74"},"modified":"2022-12-29T16:33:21","modified_gmt":"2022-12-29T15:33:21","slug":"support","status":"publish","type":"page","link":"https:\/\/www.geninsa.org\/en\/support\/","title":{"rendered":"Support our Organization"},"content":{"rendered":"\n<p>Support us = Support Children, Women and poor Families around the World.<\/p>\n\n\n\n<figure class=\"wp-block-gallery has-nested-images columns-default is-cropped wp-block-gallery-1 is-layout-flex wp-block-gallery-is-layout-flex\">\n<figure class=\"wp-block-image size-large\"><img loading=\"lazy\" decoding=\"async\" width=\"446\" height=\"296\" data-id=\"89\" src=\"https:\/\/www.geninsa.org\/wp-content\/uploads\/2022\/10\/u4.jpg\" alt=\"\" class=\"wp-image-89\" srcset=\"https:\/\/www.geninsa.org\/wp-content\/uploads\/2022\/10\/u4.jpg 446w, https:\/\/www.geninsa.org\/wp-content\/uploads\/2022\/10\/u4-300x199.jpg 300w\" sizes=\"auto, (max-width: 446px) 100vw, 446px\" \/><\/figure>\n\n\n\n<figure class=\"wp-block-image size-large\"><img loading=\"lazy\" decoding=\"async\" width=\"800\" height=\"530\" data-id=\"86\" src=\"https:\/\/www.geninsa.org\/wp-content\/uploads\/2022\/10\/1_56.jpg\" alt=\"\" class=\"wp-image-86\" srcset=\"https:\/\/www.geninsa.org\/wp-content\/uploads\/2022\/10\/1_56.jpg 800w, https:\/\/www.geninsa.org\/wp-content\/uploads\/2022\/10\/1_56-300x199.jpg 300w, https:\/\/www.geninsa.org\/wp-content\/uploads\/2022\/10\/1_56-768x509.jpg 768w\" sizes=\"auto, (max-width: 800px) 100vw, 800px\" \/><\/figure>\n\n\n\n<figure class=\"wp-block-image size-large\"><img loading=\"lazy\" decoding=\"async\" width=\"800\" height=\"530\" data-id=\"88\" src=\"https:\/\/www.geninsa.org\/wp-content\/uploads\/2022\/10\/dsc01084.jpg\" alt=\"\" class=\"wp-image-88\" srcset=\"https:\/\/www.geninsa.org\/wp-content\/uploads\/2022\/10\/dsc01084.jpg 800w, https:\/\/www.geninsa.org\/wp-content\/uploads\/2022\/10\/dsc01084-300x199.jpg 300w, https:\/\/www.geninsa.org\/wp-content\/uploads\/2022\/10\/dsc01084-768x509.jpg 768w\" sizes=\"auto, (max-width: 800px) 100vw, 800px\" \/><\/figure>\n\n\n\n<figure class=\"wp-block-image size-large\"><img loading=\"lazy\" decoding=\"async\" width=\"800\" height=\"533\" data-id=\"42\" src=\"https:\/\/www.geninsa.org\/wp-content\/uploads\/2022\/10\/ab1.jpg\" alt=\"\" class=\"wp-image-42\" srcset=\"https:\/\/www.geninsa.org\/wp-content\/uploads\/2022\/10\/ab1.jpg 800w, https:\/\/www.geninsa.org\/wp-content\/uploads\/2022\/10\/ab1-300x200.jpg 300w, https:\/\/www.geninsa.org\/wp-content\/uploads\/2022\/10\/ab1-768x512.jpg 768w\" sizes=\"auto, (max-width: 800px) 100vw, 800px\" \/><\/figure>\n<\/figure>\n\n\n\n<p>As non-commercial NGO we are in the need of funds for our projects or people who would like to commit themselfes in Developing countries. How to support us?<\/p>\n\n\n\n<ul class=\"wp-block-list\"><li>Each support, even the smallest, is highly appreciated.<\/li><li>We are recognised by the German Tax Authorities as charitable nonprofit organization.<\/li><li>You can become a sustaining member with an annual membership fee of 20 \u20ac.<\/li><li>You can become a full member with right to vote in our general meetings, having an annual membership fee of 20 \u20ac. In any case, please contact us.<\/li><\/ul>\n\n\n\n<h2 class=\"wp-block-heading\">Membership<\/h2>\n\n\n<div class=\"wpforms-container wpforms-container-full wpforms-block\" id=\"wpforms-81\"><form id=\"wpforms-form-81\" class=\"wpforms-validate wpforms-form wpforms-ajax-form\" data-formid=\"81\" method=\"post\" enctype=\"multipart\/form-data\" action=\"\/en\/wp-json\/wp\/v2\/pages\/74\" data-token=\"106cde2351d4164f3fe8d968fef25a0e\" data-token-time=\"1777519279\"><noscript class=\"wpforms-error-noscript\">Please enable JavaScript in your browser to complete this form.<\/noscript><div class=\"wpforms-field-container\"><div id=\"wpforms-81-field_1-container\" class=\"wpforms-field wpforms-field-name\" data-field-id=\"1\"><label class=\"wpforms-field-label\" for=\"wpforms-81-field_1\">Name <span class=\"wpforms-required-label\">*<\/span><\/label><div class=\"wpforms-field-row wpforms-field-medium\"><div class=\"wpforms-field-row-block wpforms-first wpforms-one-half\"><input type=\"text\" id=\"wpforms-81-field_1\" class=\"wpforms-field-name-first wpforms-field-required\" name=\"wpforms[fields][1][first]\" placeholder=\"first name\" required><label for=\"wpforms-81-field_1\" class=\"wpforms-field-sublabel after wpforms-sublabel-hide\">First<\/label><\/div><div class=\"wpforms-field-row-block wpforms-one-half\"><input type=\"text\" id=\"wpforms-81-field_1-last\" class=\"wpforms-field-name-last wpforms-field-required\" name=\"wpforms[fields][1][last]\" placeholder=\"last name\" required><label for=\"wpforms-81-field_1-last\" class=\"wpforms-field-sublabel after wpforms-sublabel-hide\">Last<\/label><\/div><\/div><\/div><div id=\"wpforms-81-field_2-container\" class=\"wpforms-field wpforms-field-text\" data-field-id=\"2\"><label class=\"wpforms-field-label\" for=\"wpforms-81-field_2\">Address <span class=\"wpforms-required-label\">*<\/span><\/label><input type=\"text\" id=\"wpforms-81-field_2\" class=\"wpforms-field-medium wpforms-field-required\" name=\"wpforms[fields][2]\" placeholder=\"street, number, city, country\" required><\/div><div id=\"wpforms-81-field_3-container\" class=\"wpforms-field wpforms-field-email\" data-field-id=\"3\"><label class=\"wpforms-field-label\" for=\"wpforms-81-field_3\">E-mail <span class=\"wpforms-required-label\">*<\/span><\/label><input type=\"email\" id=\"wpforms-81-field_3\" class=\"wpforms-field-medium wpforms-field-required\" name=\"wpforms[fields][3]\" placeholder=\"e-mail\" spellcheck=\"false\" required><\/div><div id=\"wpforms-81-field_4-container\" class=\"wpforms-field wpforms-field-select wpforms-field-select-style-classic\" data-field-id=\"4\"><label class=\"wpforms-field-label\" for=\"wpforms-81-field_4\">Type of membership <span class=\"wpforms-required-label\">*<\/span><\/label><select id=\"wpforms-81-field_4\" class=\"wpforms-field-medium wpforms-field-required\" name=\"wpforms[fields][4]\" required=\"required\"><option value=\"full member\"  class=\"choice-1 depth-1\"  >full member<\/option><option value=\"sustaining member\"  class=\"choice-2 depth-1\"  >sustaining member<\/option><\/select><\/div><div id=\"wpforms-81-field_6-container\" class=\"wpforms-field wpforms-field-checkbox\" data-field-id=\"6\"><label class=\"wpforms-field-label\">GDPR <span class=\"wpforms-required-label\">*<\/span><\/label><ul id=\"wpforms-81-field_6\" class=\"wpforms-field-required\"><li class=\"choice-1 depth-1\"><input type=\"checkbox\" id=\"wpforms-81-field_6_1\" name=\"wpforms[fields][6][]\" value=\"I consent to my data being stored and processed for membership purposes. Further information can be found in the &lt;a href=&quot;\/datenschutz&quot;&gt;Privacy Policy&lt;\/a&gt;.\" required ><label class=\"wpforms-field-label-inline\" for=\"wpforms-81-field_6_1\">I consent to my data being stored and processed for membership purposes. Further information can be found in the <a href=\"\/datenschutz\">Privacy Policy<\/a>.<\/label><\/li><\/ul><\/div><\/div><!-- .wpforms-field-container --><div class=\"wpforms-submit-container\" ><input type=\"hidden\" name=\"wpforms[id]\" value=\"81\"><input type=\"hidden\" name=\"page_title\" value=\"\"><input type=\"hidden\" name=\"page_url\" value=\"https:\/\/www.geninsa.org\/en\/wp-json\/wp\/v2\/pages\/74\"><input type=\"hidden\" name=\"url_referer\" value=\"\"><button type=\"submit\" name=\"wpforms[submit]\" id=\"wpforms-submit-81\" class=\"wpforms-submit\" data-alt-text=\"sending\u2026\" data-submit-text=\"Send\" aria-live=\"assertive\" value=\"wpforms-submit\">Send<\/button><img loading=\"lazy\" decoding=\"async\" src=\"https:\/\/www.geninsa.org\/wp-content\/plugins\/wpforms-lite\/assets\/images\/submit-spin.svg\" class=\"wpforms-submit-spinner\" style=\"display: none;\" width=\"26\" height=\"26\" alt=\"Loading\"><\/div><\/form><\/div>  <!-- .wpforms-container -->\n\n\n<h2 class=\"wp-block-heading\">Banking Details<\/h2>\n\n\n\n<figure class=\"wp-block-table\"><table><tbody><tr><td><strong>Account holder<\/strong><\/td><td>Gesellschaft f\u00fcr Entwicklung International Sachsen e.V.<\/td><\/tr><tr><td><strong>Bank<\/strong><\/td><td>Dresdner Volksbank Raiffeisenbank eG<\/td><\/tr><tr><td><strong>IBAN<\/strong><\/td><td>DE03 8509 0000 2769 9510 00<\/td><\/tr><tr><td><strong>BIC<\/strong><\/td><td>GENODEF1DRS<\/td><\/tr><\/tbody><\/table><\/figure>\n\n\n\n<p>Wir sind vom Finanzamt Dresden als gemeinn\u00fctziger Verein anerkannt und d\u00fcrfen Zuwendungsbest\u00e4tigungen ausstellen. Bescheinigungen \u00fcbersenden wir automatisch f\u00fcr Betr\u00e4ge \u00fcber 100 Euro. Wenn Sie f\u00fcr Betr\u00e4ge unter 100 Euro eine Best\u00e4tigung ben\u00f6tigen, melden Sie sich bitte bei uns. Bitte denken Sie daran, uns Ihre Adresse im Betrefffeld des \u00dcberweisungstr\u00e4gers mitzuteilen.<\/p>\n","protected":false},"excerpt":{"rendered":"<p>Support us = Support Children, Women and poor Families around the World. As non-commercial NGO we are in the need of funds for our projects&hellip;<\/p>\n","protected":false},"author":1,"featured_media":192,"parent":0,"menu_order":0,"comment_status":"closed","ping_status":"closed","template":"","meta":{"footnotes":""},"class_list":["post-74","page","type-page","status-publish","has-post-thumbnail","hentry"],"_links":{"self":[{"href":"https:\/\/www.geninsa.org\/en\/wp-json\/wp\/v2\/pages\/74","targetHints":{"allow":["GET"]}}],"collection":[{"href":"https:\/\/www.geninsa.org\/en\/wp-json\/wp\/v2\/pages"}],"about":[{"href":"https:\/\/www.geninsa.org\/en\/wp-json\/wp\/v2\/types\/page"}],"author":[{"embeddable":true,"href":"https:\/\/www.geninsa.org\/en\/wp-json\/wp\/v2\/users\/1"}],"replies":[{"embeddable":true,"href":"https:\/\/www.geninsa.org\/en\/wp-json\/wp\/v2\/comments?post=74"}],"version-history":[{"count":8,"href":"https:\/\/www.geninsa.org\/en\/wp-json\/wp\/v2\/pages\/74\/revisions"}],"predecessor-version":[{"id":448,"href":"https:\/\/www.geninsa.org\/en\/wp-json\/wp\/v2\/pages\/74\/revisions\/448"}],"wp:featuredmedia":[{"embeddable":true,"href":"https:\/\/www.geninsa.org\/en\/wp-json\/wp\/v2\/media\/192"}],"wp:attachment":[{"href":"https:\/\/www.geninsa.org\/en\/wp-json\/wp\/v2\/media?parent=74"}],"curies":[{"name":"wp","href":"https:\/\/api.w.org\/{rel}","templated":true}]}}