{"id":352,"date":"2022-10-28T16:29:00","date_gmt":"2022-10-28T14:29:00","guid":{"rendered":"https:\/\/dev.geninsa.org\/?page_id=352"},"modified":"2022-11-09T16:29:06","modified_gmt":"2022-11-09T15:29:06","slug":"howto","status":"publish","type":"page","link":"https:\/\/www.geninsa.org\/en\/howto\/","title":{"rendered":"HowTo f\u00fcr die Webseite"},"content":{"rendered":"\n<p>Dieses Tutorial beschreibt in kurzer Form die wichtigsten Einstellungsm\u00f6glichkeiten und HowTos, um die Webseite zu betreuen. F\u00fcr ein tiefergehendes Verst\u00e4ndnis von WordPress gibt es die Tutorials auf der Seite <a href=\"https:\/\/learn.wordpress.org\/\">Learn WordPress<\/a>. Sollten Fragen zur Konfiguration oder Vorgehensweise offen bleiben, dann eine Mail an <a href=\"mailto:post@jankossick.de\">post@jankossick.de<\/a>.<\/p>\n\n\n\n<h2 class=\"wp-block-heading\">Login<\/h2>\n\n\n\n<p>Unter <a href=\"\/wp-admin\/\">geninsa.org\/wp-admin<\/a> ist der Login in das Backend m\u00f6glich.<\/p>\n\n\n<div class=\"wp-block-image\">\n<figure class=\"aligncenter size-full\"><img loading=\"lazy\" decoding=\"async\" width=\"356\" height=\"478\" src=\"https:\/\/www.geninsa.org\/wp-content\/uploads\/2022\/10\/grafik-1.png\" alt=\"\" class=\"wp-image-363\" srcset=\"https:\/\/www.geninsa.org\/wp-content\/uploads\/2022\/10\/grafik-1.png 356w, https:\/\/www.geninsa.org\/wp-content\/uploads\/2022\/10\/grafik-1-223x300.png 223w\" sizes=\"auto, (max-width: 356px) 100vw, 356px\" \/><\/figure>\n<\/div>\n\n\n<p>Hier l\u00e4sst sich auch das Passwort zur\u00fccksetzen, sollte es vergessen werden. Man erh\u00e4lt dann eine E-Mail mit einem Link, um sich ein neues Passwort zu setzen.<\/p>\n\n\n\n<h2 class=\"wp-block-heading\">Neue Benutzer anlegen<\/h2>\n\n\n\n<p>Nach dem Login ins Backend, l\u00e4sst sich auf der linken Seite der Men\u00fcpunkt <strong>Benutzer<\/strong> ausw\u00e4hlen. Beim Klick auf <strong>Neu hinzuf\u00fcgen<\/strong> l\u00e4sst sich ein neuer Benutzer anlegen.<\/p>\n\n\n\n<ul class=\"wp-block-list\"><li>Benutzername und E-Mail sind erforderlich.<\/li><li>Das Passwort sollte so belassen werden, wie WordPress es vorschl\u00e4gt.<\/li><li>Als Rolle gibt es zwei sinnvolle M\u00f6glichkeiten:<ul><li><strong>Redakteur<\/strong> Der Benutzer kann Seiten und Beitr\u00e4ge bearbeiten, aber keine \u00c4nderungen am Design, den Men\u00fcs oder Widgets vornehmen.<\/li><li><strong>Administrator<\/strong> Ein Administrator kann die Seite komplett bearbeiten.<\/li><\/ul><\/li><li>Der Benutzer wird per Mail \u00fcber die Erstellung seines Accounts benachrichtigt und kann sich mit Hilfe der Anweisungen in der E-Mail einloggen.<\/li><\/ul>\n\n\n\n<h2 class=\"wp-block-heading\">Seiten<\/h2>\n\n\n\n<p>Seiten sind die einzelnen auf der Webseite dargestellten Men\u00fcpunkte. Um Seiten zu bearbeiten, logge man sich ins <a href=\"\/wp-admin\/\">Backend<\/a> ein und w\u00e4hlen im linken Men\u00fc den Punkt <strong>Seiten<\/strong>.<\/p>\n\n\n\n<ul class=\"wp-block-list\"><li>Da die Seite zweisprachig ist, w\u00e4hle man zuerst \u00fcber der \u00dcberschrift &#8220;Seiten&#8221; die Sprache, welche bearbeitet werden soll, aus.<\/li><\/ul>\n\n\n<div class=\"wp-block-image\">\n<figure class=\"aligncenter size-full\"><img loading=\"lazy\" decoding=\"async\" width=\"319\" height=\"169\" src=\"https:\/\/www.geninsa.org\/wp-content\/uploads\/2022\/10\/grafik-3.png\" alt=\"\" class=\"wp-image-366\" srcset=\"https:\/\/www.geninsa.org\/wp-content\/uploads\/2022\/10\/grafik-3.png 319w, https:\/\/www.geninsa.org\/wp-content\/uploads\/2022\/10\/grafik-3-300x159.png 300w\" sizes=\"auto, (max-width: 319px) 100vw, 319px\" \/><\/figure>\n<\/div>\n\n\n<ul class=\"wp-block-list\"><li>Dann klicke man auf die zu bearbeitende Seite.<\/li><li>Die Bedienung des Blockeditors sollte gr\u00f6\u00dftenteils selbsterkl\u00e4rend sein. F\u00fcr eine tiefer gehende Recherche empfehle ich die Webseite <a href=\"https:\/\/gutenberg-fibel.de\/\">gutenberg-fibel.de<\/a>.<\/li><li>Auf der rechten Seite sind die Optionen zu finden, entweder f\u00fcr einzelne Bl\u00f6cke oder f\u00fcr die gesamte Seite, umschaltbar \u00fcber die Buttons <strong>Seite<\/strong> und <strong>Block<\/strong>.<\/li><\/ul>\n\n\n<div class=\"wp-block-image\">\n<figure class=\"aligncenter size-full\"><img loading=\"lazy\" decoding=\"async\" width=\"336\" height=\"350\" src=\"https:\/\/www.geninsa.org\/wp-content\/uploads\/2022\/10\/grafik-2.png\" alt=\"\" class=\"wp-image-364\" srcset=\"https:\/\/www.geninsa.org\/wp-content\/uploads\/2022\/10\/grafik-2.png 336w, https:\/\/www.geninsa.org\/wp-content\/uploads\/2022\/10\/grafik-2-288x300.png 288w\" sizes=\"auto, (max-width: 336px) 100vw, 336px\" \/><\/figure>\n<\/div>\n\n\n<ul class=\"wp-block-list\"><li>Die Optionen f\u00fcr die Bl\u00f6cke sind \u00fcberschaubar und selbsterkl\u00e4rend. F\u00fcr die Seite gibt es folgende Optionen:<ul><li>Der <strong>Permalink<\/strong> gibt an, unter welche Adresse die Seite zu finden ist.<\/li><li>Das <strong>Beitragsbild<\/strong> gibt an, welches Bild im Kopf der Seite angezeigt wird.<\/li><li>Der <strong>Textauszug<\/strong> ist f\u00fcr Seiten nicht relevant.<\/li><li>Unter <strong>Diskussion<\/strong> l\u00e4sst sich die Kommentarfunktion f\u00fcr die Seite aktivieren. Das ist nicht zu empfehlen, da Kommentare eher bei Beitr\u00e4gen erw\u00fcnscht sind.<\/li><li>Die <strong>Seiten-Attribute<\/strong> haben keine Funktion auf dieser Webseite.<\/li><li>Unter <strong>Languages<\/strong> l\u00e4sst sich einstellen, dass die Seite nur in einer bestimmten Sprache angezeigt wird. Das hilft bei fehlenden \u00dcbersetzungen, die Seiten \u00fcbersichtlich zu halten.<\/li><li>Die <strong>Customify-Einstellungen<\/strong> sind spezielle Einstellungen des Themes und k\u00f6nnen die Standard-Ansicht der Seite ver\u00e4ndern. F\u00fcr gew\u00f6hnlich ist hier nichts einzustellen.<\/li><\/ul><\/li><\/ul>\n\n\n\n<h2 class=\"wp-block-heading\">Men\u00fc<\/h2>\n\n\n\n<p>Damit Seiten zugreifbar sind, m\u00fcssen diese im Men\u00fc eingef\u00fcgt werden. Im <a href=\"\/wp-admin\/\">Backend<\/a> unter <strong>Design > Men\u00fcs<\/strong> ist die entsprechende Maske zu finden.<\/p>\n\n\n\n<p>Auch hier ist zu beachten, dass die Bezeichnung je Sprache ge\u00e4ndert werden kann. Dazu schalte man die Sprache \u00fcber der \u00dcberschrift <em>Men\u00fcs<\/em> um.<\/p>\n\n\n<div class=\"wp-block-image\">\n<figure class=\"aligncenter size-full\"><img loading=\"lazy\" decoding=\"async\" width=\"256\" height=\"174\" src=\"https:\/\/www.geninsa.org\/wp-content\/uploads\/2022\/10\/grafik-4.png\" alt=\"\" class=\"wp-image-368\"\/><\/figure>\n<\/div>\n\n\n<p>Auf der linken Seite w\u00e4hlt man die entsprechende Seite aus. Wird die Seite nicht angezeigt, dann klicke auf <strong>Alle<\/strong>. \u00dcber den Knopf <strong>Zum Men\u00fc hinzuf\u00fcgen<\/strong> erscheint in der <strong>Men\u00fc-Struktur<\/strong> ein weiterer Punkt. Dieser l\u00e4sst sich mit der Maus verschieben. Durch die Einr\u00fcckung werden Untermen\u00fcs erzeugt.<\/p>\n\n\n\n<div class=\"wp-block-columns is-layout-flex wp-container-core-columns-is-layout-9d6595d7 wp-block-columns-is-layout-flex\">\n<div class=\"wp-block-column is-layout-flow wp-block-column-is-layout-flow\"><div class=\"wp-block-image\">\n<figure class=\"aligncenter size-full\"><img loading=\"lazy\" decoding=\"async\" width=\"303\" height=\"449\" src=\"https:\/\/www.geninsa.org\/wp-content\/uploads\/2022\/10\/grafik-5.png\" alt=\"\" class=\"wp-image-371\" srcset=\"https:\/\/www.geninsa.org\/wp-content\/uploads\/2022\/10\/grafik-5.png 303w, https:\/\/www.geninsa.org\/wp-content\/uploads\/2022\/10\/grafik-5-202x300.png 202w\" sizes=\"auto, (max-width: 303px) 100vw, 303px\" \/><figcaption>Men\u00fcpunkte hinzuf\u00fcgen<\/figcaption><\/figure>\n<\/div><\/div>\n\n\n\n<div class=\"wp-block-column is-layout-flow wp-block-column-is-layout-flow\"><div class=\"wp-block-image\">\n<figure class=\"aligncenter size-full\"><img loading=\"lazy\" decoding=\"async\" width=\"527\" height=\"553\" src=\"https:\/\/www.geninsa.org\/wp-content\/uploads\/2022\/10\/grafik-6.png\" alt=\"\" class=\"wp-image-372\" srcset=\"https:\/\/www.geninsa.org\/wp-content\/uploads\/2022\/10\/grafik-6.png 527w, https:\/\/www.geninsa.org\/wp-content\/uploads\/2022\/10\/grafik-6-286x300.png 286w\" sizes=\"auto, (max-width: 527px) 100vw, 527px\" \/><figcaption>Men\u00fcpunkte anordnen<\/figcaption><\/figure>\n<\/div><\/div>\n<\/div>\n\n\n\n<p>\u00d6ffnet man die Men\u00fcpunkte durch Klick auf <strong>\u25bc<\/strong>, dann l\u00e4sst sich der Name des Men\u00fcpunktes anpassen. Au\u00dferdem l\u00e4sst sich einstellen, dass Men\u00fc nur auf Englisch oder Deutsch anzuzeigen.<\/p>\n\n\n<div class=\"wp-block-image\">\n<figure class=\"aligncenter size-full\"><img loading=\"lazy\" decoding=\"async\" width=\"495\" height=\"434\" src=\"https:\/\/www.geninsa.org\/wp-content\/uploads\/2022\/10\/grafik-7.png\" alt=\"\" class=\"wp-image-373\" srcset=\"https:\/\/www.geninsa.org\/wp-content\/uploads\/2022\/10\/grafik-7.png 495w, https:\/\/www.geninsa.org\/wp-content\/uploads\/2022\/10\/grafik-7-300x263.png 300w\" sizes=\"auto, (max-width: 495px) 100vw, 495px\" \/><\/figure>\n<\/div>\n\n\n<h2 class=\"wp-block-heading\">News aka Beitr\u00e4ge<\/h2>\n\n\n\n<p>Die News auf der Startseite sind <strong>Beitr\u00e4ge<\/strong>. Im <a href=\"\/wp-admin\/\">Backend<\/a> erreicht man diese auf der linken Seite \u00fcber den Men\u00fcpunkt <strong>Beitr\u00e4ge<\/strong>. Auch hier ist zu beachten, dass vor der Bearbeitung die korrekte Sprache eingestellt wird.<\/p>\n\n\n<div class=\"wp-block-image\">\n<figure class=\"aligncenter size-full\"><img loading=\"lazy\" decoding=\"async\" width=\"249\" height=\"139\" src=\"https:\/\/www.geninsa.org\/wp-content\/uploads\/2022\/10\/grafik-8.png\" alt=\"\" class=\"wp-image-376\"\/><\/figure>\n<\/div>\n\n\n<p>Die Bearbeitung erfolgt hier analog zu den Seiten:<\/p>\n\n\n\n<ul class=\"wp-block-list\"><li>Die Bedienung des Blockeditors sollte gr\u00f6\u00dftenteils selbsterkl\u00e4rend sein. F\u00fcr eine tiefer gehende Recherche empfehle ich die Webseite <a href=\"https:\/\/gutenberg-fibel.de\/\">gutenberg-fibel.de<\/a>.<\/li><li>Auf der rechten Seite gibt es wieder die M\u00f6glichkeit, Block-Eigenschaften zu \u00e4ndern oder die generellen Einstellungen des Beitrags.<\/li><\/ul>\n\n\n<div class=\"wp-block-image\">\n<figure class=\"aligncenter size-full\"><img loading=\"lazy\" decoding=\"async\" width=\"281\" height=\"267\" src=\"https:\/\/www.geninsa.org\/wp-content\/uploads\/2022\/10\/grafik-9.png\" alt=\"\" class=\"wp-image-377\"\/><\/figure>\n<\/div>\n\n\n<ul class=\"wp-block-list\"><li>Diese sind im einzelnen:<ul><li>Unter <strong>Permalink<\/strong> wird der Teil der URL eingestellt, unter dem der Beitrag erreichbar ist. WordPress ist so eingestellt, dass automatisch noch das Jahr und das Datum erg\u00e4nzt werden, also bspw. <strong>geninsa.org\/2022\/10\/permalink<\/strong>.<\/li><li>\u00dcber <strong>Kategorien<\/strong> lassen sich Posts kategoriesen. Das kann f\u00fcr die Darstellung n\u00fctzlich sein, hat jedoch auf der Geninsa-Seite keine Relevanz. Alle Beitr\u00e4ge werden automatisch der Kategorie <strong>News<\/strong> hinzugef\u00fcgt.<\/li><li>Auch <strong>Schlagw\u00f6rter<\/strong> dienen der Kategorisierung, haben jedoch auf der Geninsa-Seite keine Funktion.<\/li><li>Das <strong>Beitragsbild<\/strong> wird wie bei Seiten im Header angezeigt.<\/li><li>\u00dcber den <strong>Textauszug<\/strong> l\u00e4sst sich einstellen, was auf der Startseite f\u00fcr diesen Beitrag als kurzer Text angezeigt wird. Wird der Textauszug weggelassen, wird auf der Startseite der automatisch gek\u00fcrzte Beitragstext angezeigt.<\/li><li>\u00dcber <strong>Diskussion<\/strong> lassen sich Kommentare f\u00fcr den Beitrag einschalten. <em>Pingbacks<\/em> und <em>Trackbacks<\/em> sind Erw\u00e4hnungen auf anderen WordPress-Webseiten; hier ist es ab und zu ganz interessant, dies mitzubekommen.<\/li><\/ul><\/li><\/ul>\n\n\n\n<h2 class=\"wp-block-heading\">Seitenleiste<\/h2>\n\n\n\n<p><\/p>\n\n\n\n<h2 class=\"wp-block-heading\">Karte<\/h2>\n\n\n\n<p><\/p>\n","protected":false},"excerpt":{"rendered":"<p>Dieses Tutorial beschreibt in kurzer Form die wichtigsten Einstellungsm\u00f6glichkeiten und HowTos, um die Webseite zu betreuen. F\u00fcr ein tiefergehendes Verst\u00e4ndnis von WordPress gibt es die&hellip;<\/p>\n","protected":false},"author":1,"featured_media":357,"parent":0,"menu_order":0,"comment_status":"closed","ping_status":"closed","template":"","meta":{"footnotes":""},"class_list":["post-352","page","type-page","status-publish","has-post-thumbnail","hentry"],"_links":{"self":[{"href":"https:\/\/www.geninsa.org\/en\/wp-json\/wp\/v2\/pages\/352","targetHints":{"allow":["GET"]}}],"collection":[{"href":"https:\/\/www.geninsa.org\/en\/wp-json\/wp\/v2\/pages"}],"about":[{"href":"https:\/\/www.geninsa.org\/en\/wp-json\/wp\/v2\/types\/page"}],"author":[{"embeddable":true,"href":"https:\/\/www.geninsa.org\/en\/wp-json\/wp\/v2\/users\/1"}],"replies":[{"embeddable":true,"href":"https:\/\/www.geninsa.org\/en\/wp-json\/wp\/v2\/comments?post=352"}],"version-history":[{"count":11,"href":"https:\/\/www.geninsa.org\/en\/wp-json\/wp\/v2\/pages\/352\/revisions"}],"predecessor-version":[{"id":428,"href":"https:\/\/www.geninsa.org\/en\/wp-json\/wp\/v2\/pages\/352\/revisions\/428"}],"wp:featuredmedia":[{"embeddable":true,"href":"https:\/\/www.geninsa.org\/en\/wp-json\/wp\/v2\/media\/357"}],"wp:attachment":[{"href":"https:\/\/www.geninsa.org\/en\/wp-json\/wp\/v2\/media?parent=352"}],"curies":[{"name":"wp","href":"https:\/\/api.w.org\/{rel}","templated":true}]}}